{"id":9,"date":"2014-04-18T12:25:06","date_gmt":"2014-04-18T11:25:06","guid":{"rendered":"http:\/\/www.cmdbs.fr\/?page_id=9"},"modified":"2021-08-22T11:25:35","modified_gmt":"2021-08-22T10:25:35","slug":"le-cabinet","status":"publish","type":"page","link":"https:\/\/www.cmdbs.fr\/","title":{"rendered":"Le Cabinet"},"content":{"rendered":"<p style=\"text-align: left;\">Le Cabinet M\u00e9dical des Berges de Seine est situ\u00e9 au <strong>13 avenue Claude Debussy 92110 Clichy<\/strong><\/p>\n<p style=\"text-align: left;\">Il est ouvert du <strong>lundi au vendredi<\/strong> <strong>sur rendez-vous<\/strong>.<\/p>\n<p style=\"text-align: left;\"><strong>Le secr\u00e9tariat est ouvert du lundi au vendredi de 8h45 \u00e0 18h45<\/strong>.<br \/>\nUne permanence sera assur\u00e9e le <strong>samedi de 9h \u00e0 13h sur rendez-vous uniquement <\/strong>par le <strong>Dr Todor Vujasinovic<\/strong>.<\/p>\n<p><strong>T\u00e9l\u00e9phone du cabinet : 01.84.16.53.84<\/p>\n<p>La ligne \u00e9tant fr\u00e9quemment surcharg\u00e9e par les nombreux appels, vous pouvez \u00e9galement laisser vos messages non urgents par email sur : <a href=\"mailto:secretariat@cmdbs.fr\">secretariat@cmdbs.fr<\/a><\/strong><\/p>\n<p>Les RDV peuvent \u00eatre \u00e9galement pris sur Doctolib.fr :<br \/>\npour le <a href=\"https:\/\/www.doctolib.fr\/medecin-generaliste\/clichy\/steve-touitou\">Dr Touitou<\/a><br \/>\npour <a href=\"https:\/\/www.doctolib.fr\/medecin-generaliste\/clichy\/david-zerbib-clichy\">le Dr Zerbib<\/a><\/p>\n<p style=\"text-align: center;\"><a href=\"http:\/\/www.cmdbs.fr\/wp-content\/uploads\/2014\/04\/cabinet1.jpg\"><img loading=\"lazy\" class=\"alignnone size-medium wp-image-5\" src=\"http:\/\/www.cmdbs.fr\/wp-content\/uploads\/2014\/04\/cabinet1-300x283.jpg\" alt=\"cabinet\" width=\"420\" height=\"396\" srcset=\"https:\/\/www.cmdbs.fr\/wp-content\/uploads\/2014\/04\/cabinet1-300x283.jpg 300w, https:\/\/www.cmdbs.fr\/wp-content\/uploads\/2014\/04\/cabinet1-317x300.jpg 317w, https:\/\/www.cmdbs.fr\/wp-content\/uploads\/2014\/04\/cabinet1.jpg 425w\" sizes=\"(max-width: 420px) 100vw, 420px\" \/><\/a><\/p>\n<p><strong>Transports en commun :<br \/>\n<\/strong>M\u00e9tro : ligne 13 station Mairie de Clichy<br \/>\nBus : ligne 74 Station Claude Debussy ou H\u00f4pital Beaujon<\/p>\n<p><strong>Plan :<\/strong><\/p>\n<p style=\"text-align: center;\"><iframe loading=\"lazy\" src=\"http:\/\/maps.google.fr\/maps?f=q&amp;source=s_q&amp;hl=fr&amp;geocode=&amp;q=13+Avenue+Claude+Debussy,+92110+Clichy&amp;aq=0&amp;oq=13+avenue+claude+debussy+92&amp;sll=48.680793,2.502588&amp;sspn=2.858109,8.349609&amp;ie=UTF8&amp;hq=&amp;hnear=13+Avenue+Claude+Debussy,+92110+Clichy,+Hauts-de-Seine,+%C3%8Ele-de-France&amp;ll=48.909664,2.308699&amp;spn=0.011113,0.032616&amp;t=m&amp;z=14&amp;output=embed\" width=\"450\" height=\"450\" frameborder=\"0\" marginwidth=\"0\" marginheight=\"0\" scrolling=\"no\"><\/iframe><br \/>\n<small><a style=\"color: #0000ff; text-align: left;\" href=\"http:\/\/maps.google.fr\/maps?f=q&amp;source=embed&amp;hl=fr&amp;geocode=&amp;q=13+Avenue+Claude+Debussy,+92110+Clichy&amp;aq=0&amp;oq=13+avenue+claude+debussy+92&amp;sll=48.680793,2.502588&amp;sspn=2.858109,8.349609&amp;ie=UTF8&amp;hq=&amp;hnear=13+Avenue+Claude+Debussy,+92110+Clichy,+Hauts-de-Seine,+%C3%8Ele-de-France&amp;ll=48.909664,2.308699&amp;spn=0.011113,0.032616&amp;t=m&amp;z=14\">Agrandir le plan<\/a><\/small><\/p>\n<p><strong>En cas d&rsquo;urgence grave, composez le 15<\/strong><\/p>\n","protected":false},"excerpt":{"rendered":"<p>Le Cabinet M\u00e9dical des Berges de Seine est situ\u00e9 au 13 avenue Claude Debussy 92110 Clichy Il est ouvert du lundi au vendredi sur rendez-vous. Le secr\u00e9tariat est ouvert du lundi au vendredi de 8h45 \u00e0 18h45. Une permanence sera assur\u00e9e le samedi de 9h \u00e0 13h sur rendez-vous uniquement par le Dr Todor Vujasinovic. [&hellip;]<\/p>\n","protected":false},"author":1,"featured_media":0,"parent":0,"menu_order":0,"comment_status":"closed","ping_status":"open","template":"","meta":[],"_links":{"self":[{"href":"https:\/\/www.cmdbs.fr\/index.php?rest_route=\/wp\/v2\/pages\/9"}],"collection":[{"href":"https:\/\/www.cmdbs.fr\/index.php?rest_route=\/wp\/v2\/pages"}],"about":[{"href":"https:\/\/www.cmdbs.fr\/index.php?rest_route=\/wp\/v2\/types\/page"}],"author":[{"embeddable":true,"href":"https:\/\/www.cmdbs.fr\/index.php?rest_route=\/wp\/v2\/users\/1"}],"replies":[{"embeddable":true,"href":"https:\/\/www.cmdbs.fr\/index.php?rest_route=%2Fwp%2Fv2%2Fcomments&post=9"}],"version-history":[{"count":10,"href":"https:\/\/www.cmdbs.fr\/index.php?rest_route=\/wp\/v2\/pages\/9\/revisions"}],"predecessor-version":[{"id":316,"href":"https:\/\/www.cmdbs.fr\/index.php?rest_route=\/wp\/v2\/pages\/9\/revisions\/316"}],"wp:attachment":[{"href":"https:\/\/www.cmdbs.fr\/index.php?rest_route=%2Fwp%2Fv2%2Fmedia&parent=9"}],"curies":[{"name":"wp","href":"https:\/\/api.w.org\/{rel}","templated":true}]}}