{"id":22,"date":"2014-04-18T13:00:47","date_gmt":"2014-04-18T12:00:47","guid":{"rendered":"http:\/\/www.cmdbs.fr\/?page_id=22"},"modified":"2017-09-29T14:54:58","modified_gmt":"2017-09-29T13:54:58","slug":"docteur-steve-touitou","status":"publish","type":"page","link":"https:\/\/www.cmdbs.fr\/?page_id=22","title":{"rendered":"Docteur Steve Touitou"},"content":{"rendered":"<p style=\"text-align: center;\"><a href=\"http:\/\/www.cmdbs.fr\/wp-content\/uploads\/2014\/04\/stevev.jpg\"><img loading=\"lazy\" class=\"alignnone size-full wp-image-23\" src=\"http:\/\/www.cmdbs.fr\/wp-content\/uploads\/2014\/04\/stevev.jpg\" alt=\"stevev\" width=\"100\" height=\"100\" \/><\/a><\/p>\n<style>\n  .doctolib-button {<br \/>    display: inline-block;<br \/>    padding: 6px 12px;<br \/>    margin-bottom: 0px;<br \/>    font-size: 14px;<br \/>    font-weight: normal;<br \/>    line-height: 1.42857;<br \/>    text-align: center;<br \/>    width: 230px;<br \/>    background-image: none;<br \/>    background-color: rgb(52, 152, 219);<br \/>    color: white;<br \/>    text-transform: uppercase;<br \/>    font-size: 12px;<br \/>    vertical-align: middle;<br \/>    cursor: pointer;<br \/>    text-decoration: none;<br \/>    font-family: Arial;<br \/>    border: 1px solid transparent;<br \/>    border-width: medium medium 2px;<br \/>    border-style: none none solid;<br \/>    border-image: none;<br \/>    border-radius: 5px;<br \/>    border-bottom-color: rgb(35, 131, 196);<br \/>    -moz-border-top-colors: none;<br \/>    -moz-border-right-colors: none;<br \/>    -moz-border-bottom-colors: none;<br \/>    -moz-border-left-colors: none;<br \/>    -moz-user-select: none;<br \/>  }<\/p>\n<p>  .doctolib-button:hover {<br \/>    background-color: rgb(7, 122, 199);<br \/>    color: white;<br \/>    text-decoration:none;<br \/>  }<\/p>\n<\/style>\n<p style=\"text-align: center;\"><a class=\"doctolib-button\" title=\"Dr Steve TOUITOU - M\u00e9decin g\u00e9n\u00e9raliste Clichy\" href=\"https:\/\/www.doctolib.fr\/medecin-generaliste\/clichy\/steve-touitou\" target=\"_blank\" rel=\"noopener\">Prendre rendez-vous en ligne avec le Docteur Touitou<\/a><\/p>\n<\/p>\n<p><strong>T\u00e9l\u00e9phone<\/strong> : 01 55 90 66 93<br \/>\n<strong>T\u00e9l\u00e9copie<\/strong> : 09 55 15 97 67<\/p>\n<p><strong>Consultations <\/strong>: du lundi au vendredi, <strong>sur rendez-vous<\/strong>.<br \/>\nAbsent le samedi.<\/p>\n<p>Le secr\u00e9tariat est ouvert de 9h00 \u00e0 12h30 et 13h \u00e0 18h30 du lundi au vendredi.<\/p>\n<p style=\"text-align: left;\"><strong>Visites \u00e0 domlcile<\/strong> : r\u00e9serv\u00e9es aux personnes \u00e2g\u00e9es ou dans l&rsquo;incapacit\u00e9 de se d\u00e9placer. Sur rendez-vous.<\/p>\n<p><strong>Titres et dipl\u00f4mes :<br \/>\n<\/strong>Sp\u00e9cialiste en M\u00e9decine G\u00e9n\u00e9rale<br \/>\nValidation du D.I.U de M\u00e9soth\u00e9rapie en cours<br \/>\nValidation du D.I.U de Laser M\u00e9dical en cours<\/p>\n<p><strong>Conventionn\u00e9 secteur I depuis 2007.<\/strong><\/p>\n<p style=\"text-align: left;\">E-mail : <a href=\"mailto:docteur@touitou.eu\">docteur @ touitou . eu<\/a><\/p>\n","protected":false},"excerpt":{"rendered":"<p>Prendre rendez-vous en ligne avec le Docteur Touitou T\u00e9l\u00e9phone : 01 55 90 66 93 T\u00e9l\u00e9copie : 09 55 15 97 67 Consultations : du lundi au vendredi, sur rendez-vous. Absent le samedi. Le secr\u00e9tariat est ouvert de 9h00 \u00e0 12h30 et 13h \u00e0 18h30 du lundi au vendredi. Visites \u00e0 domlcile : r\u00e9serv\u00e9es aux [&hellip;]<\/p>\n","protected":false},"author":1,"featured_media":23,"parent":0,"menu_order":0,"comment_status":"closed","ping_status":"closed","template":"","meta":[],"_links":{"self":[{"href":"https:\/\/www.cmdbs.fr\/index.php?rest_route=\/wp\/v2\/pages\/22"}],"collection":[{"href":"https:\/\/www.cmdbs.fr\/index.php?rest_route=\/wp\/v2\/pages"}],"about":[{"href":"https:\/\/www.cmdbs.fr\/index.php?rest_route=\/wp\/v2\/types\/page"}],"author":[{"embeddable":true,"href":"https:\/\/www.cmdbs.fr\/index.php?rest_route=\/wp\/v2\/users\/1"}],"replies":[{"embeddable":true,"href":"https:\/\/www.cmdbs.fr\/index.php?rest_route=%2Fwp%2Fv2%2Fcomments&post=22"}],"version-history":[{"count":5,"href":"https:\/\/www.cmdbs.fr\/index.php?rest_route=\/wp\/v2\/pages\/22\/revisions"}],"predecessor-version":[{"id":244,"href":"https:\/\/www.cmdbs.fr\/index.php?rest_route=\/wp\/v2\/pages\/22\/revisions\/244"}],"wp:featuredmedia":[{"embeddable":true,"href":"https:\/\/www.cmdbs.fr\/index.php?rest_route=\/wp\/v2\/media\/23"}],"wp:attachment":[{"href":"https:\/\/www.cmdbs.fr\/index.php?rest_route=%2Fwp%2Fv2%2Fmedia&parent=22"}],"curies":[{"name":"wp","href":"https:\/\/api.w.org\/{rel}","templated":true}]}}