{"id":11,"date":"2014-04-18T12:29:01","date_gmt":"2014-04-18T11:29:01","guid":{"rendered":"http:\/\/www.cmdbs.fr\/?page_id=11"},"modified":"2017-09-29T14:34:47","modified_gmt":"2017-09-29T13:34:47","slug":"11-2","status":"publish","type":"page","link":"https:\/\/www.cmdbs.fr\/?page_id=11","title":{"rendered":"Docteur David Zerbib"},"content":{"rendered":"<p style=\"text-align: center;\"><a href=\"http:\/\/www.cmdbs.fr\/wp-content\/uploads\/2014\/04\/davidv.jpg\"><img loading=\"lazy\" class=\"aligncenter size-full wp-image-12\" src=\"http:\/\/www.cmdbs.fr\/wp-content\/uploads\/2014\/04\/davidv.jpg\" alt=\"davidv\" width=\"100\" height=\"100\" \/><\/p>\n<style>\n  .doctolib-button {<br \/>    display: inline-block;<br \/>    padding: 6px 12px;<br \/>    margin-bottom: 0px;<br \/>    font-size: 14px;<br \/>    font-weight: normal;<br \/>    line-height: 1.42857;<br \/>    text-align: center;<br \/>    width: 230px;<br \/>    background-image: none;<br \/>    background-color: rgb(52, 152, 219);<br \/>    color: white;<br \/>    text-transform: uppercase;<br \/>    font-size: 12px;<br \/>    vertical-align: middle;<br \/>    cursor: pointer;<br \/>    text-decoration: none;<br \/>    font-family: Arial;<br \/>    border: 1px solid transparent;<br \/>    border-width: medium medium 2px;<br \/>    border-style: none none solid;<br \/>    border-image: none;<br \/>    border-radius: 5px;<br \/>    border-bottom-color: rgb(35, 131, 196);<br \/>    -moz-border-top-colors: none;<br \/>    -moz-border-right-colors: none;<br \/>    -moz-border-bottom-colors: none;<br \/>    -moz-border-left-colors: none;<br \/>    -moz-user-select: none;<br \/>  }<\/p>\n<p>  .doctolib-button:hover {<br \/>    background-color: rgb(7, 122, 199);<br \/>    color: white;<br \/>    text-decoration:none;<br \/>  }<\/p>\n<\/style>\n<p style=\"text-align: center;\"><a class=\"doctolib-button\" title=\"Dr David ZERBIB - M\u00e9decin g\u00e9n\u00e9raliste Clichy\" href=\"https:\/\/www.doctolib.fr\/medecin-generaliste\/clichy\/david-zerbib-clichy\" target=\"_blank\" rel=\"noopener\">Prendre rendez-vous en ligne avec le Docteur Zerbib<\/a><\/p>\n<\/p>\n<p><strong>T\u00e9l\u00e9phone<\/strong> : 01 84 16 53 84<br \/>\n<strong>T\u00e9l\u00e9copie<\/strong> : 09 55 15 97 67<br \/>\n<strong>Mobile<\/strong> : 06 33 51 26 86<\/p>\n<p><strong>Rendez-vous<\/strong> : <strong>sur Doctolib \u00e0 l&rsquo;adresse <a href=\"https:\/\/www.doctolib.fr\/medecin-generaliste\/clichy\/david-zerbib-clichy\">zerbib.cmdbs.fr<\/a><\/strong> ou par <strong>t\u00e9l\u00e9phone au 01 84 16 53 84<\/strong><\/p>\n<p><strong>Consultations <\/strong>: du lundi au vendredi, <strong>sur rendez-vous<\/strong>. Absent vendredi apr\u00e8s-midi et samedi.<br \/>\nLe secr\u00e9tariat est ouvert de 8h45 \u00e0 19h du lundi au vendredi.<\/p>\n<p><strong>Visites \u00e0\u00a0<\/strong><b>domicile<\/b>\u00a0: r\u00e9serv\u00e9es aux personnes \u00e2g\u00e9es ou dans l&rsquo;incapacit\u00e9 de se d\u00e9placer. Sur rendez-vous.<\/p>\n<p><strong>Titres et dipl\u00f4mes :<br \/>\n<\/strong>Laur\u00e9at de la Facult\u00e9 de M\u00e9decine Paris VII<br \/>\nAncien interne des H\u00f4pitaux de Paris (promotion 1996)<br \/>\nMa\u00eetre de Stage des Universit\u00e9<br \/>\nSp\u00e9cialiste en M\u00e9decine G\u00e9n\u00e9rale<br \/>\nTh\u00e8se de M\u00e9decine en 2000 (M\u00e9daille d\u00a0\u00bbArgent)<br \/>\nD.E.S. de M\u00e9decine du Travail (non exerc\u00e9e actuellement)<br \/>\nD.I.U de M\u00e9soth\u00e9rapie<\/p>\n<p><strong>Conventionn\u00e9 secteur 1<\/strong><\/p>\n<p>E-mail : <\/a><a href=\"mailto:docteur@zerbib.fr\">docteur @ zerbib . fr<\/a><\/p>\n","protected":false},"excerpt":{"rendered":"<p>Prendre rendez-vous en ligne avec le Docteur Zerbib T\u00e9l\u00e9phone : 01 84 16 53 84 T\u00e9l\u00e9copie : 09 55 15 97 67 Mobile : 06 33 51 26 86 Rendez-vous : sur Doctolib \u00e0 l&rsquo;adresse zerbib.cmdbs.fr ou par t\u00e9l\u00e9phone au 01 84 16 53 84 Consultations : du lundi au vendredi, sur rendez-vous. Absent vendredi [&hellip;]<\/p>\n","protected":false},"author":1,"featured_media":12,"parent":0,"menu_order":0,"comment_status":"closed","ping_status":"open","template":"","meta":[],"_links":{"self":[{"href":"https:\/\/www.cmdbs.fr\/index.php?rest_route=\/wp\/v2\/pages\/11"}],"collection":[{"href":"https:\/\/www.cmdbs.fr\/index.php?rest_route=\/wp\/v2\/pages"}],"about":[{"href":"https:\/\/www.cmdbs.fr\/index.php?rest_route=\/wp\/v2\/types\/page"}],"author":[{"embeddable":true,"href":"https:\/\/www.cmdbs.fr\/index.php?rest_route=\/wp\/v2\/users\/1"}],"replies":[{"embeddable":true,"href":"https:\/\/www.cmdbs.fr\/index.php?rest_route=%2Fwp%2Fv2%2Fcomments&post=11"}],"version-history":[{"count":17,"href":"https:\/\/www.cmdbs.fr\/index.php?rest_route=\/wp\/v2\/pages\/11\/revisions"}],"predecessor-version":[{"id":243,"href":"https:\/\/www.cmdbs.fr\/index.php?rest_route=\/wp\/v2\/pages\/11\/revisions\/243"}],"wp:featuredmedia":[{"embeddable":true,"href":"https:\/\/www.cmdbs.fr\/index.php?rest_route=\/wp\/v2\/media\/12"}],"wp:attachment":[{"href":"https:\/\/www.cmdbs.fr\/index.php?rest_route=%2Fwp%2Fv2%2Fmedia&parent=11"}],"curies":[{"name":"wp","href":"https:\/\/api.w.org\/{rel}","templated":true}]}}